{"id":261,"date":"2021-08-02T12:25:58","date_gmt":"2021-08-02T10:25:58","guid":{"rendered":"https:\/\/nckbsli07h.onrocket.site\/?page_id=261"},"modified":"2026-03-06T11:58:26","modified_gmt":"2026-03-06T10:58:26","slug":"learn","status":"publish","type":"page","link":"https:\/\/clickertrainingpferde.com\/de\/learn\/","title":{"rendered":"Learn"},"content":{"rendered":"<h2 class=\"wp-block-heading\">Ein junges Reitpferd ausbilden<\/h2>\n\n\n\n<p>Du hast ein junges Pferd und tr\u00e4umst davon es zu reiten.<\/p>\n\n\n\n<p>Die Frage ist: Wie gehst du das an?<\/p>\n\n\n\n<p>Viele Pferdebesitzer:innen geben ihr Pferd f\u00fcr diese Phase zu einer professionellen Bereiter:in. Das macht Sinn, denn Fehler beim Anreiten wirken sich auf die gesamte weitere Reitkarriere des Pferdes aus.<\/p>\n\n\n\n<p>Aber professioneller Beritt bedeutet oft Zeitdruck. Die Trainer:in soll in wenigen Wochen ein \"gerittenes\" Pferd liefern. <\/p>\n\n\n\n<p>Das l\u00e4sst wenig Raum f\u00fcr Eingew\u00f6hnung, f\u00fcr individuelle Tempos, f\u00fcr gr\u00fcndliches Erkl\u00e4ren wenn das Pferd etwas nicht versteht. Dazu kommt: Eine Trainer:in zu finden, die deine Werte teilt, ist nicht einfach.<\/p>\n\n\n\n<p>Also \u00fcberlegst du vielleicht, es selbst zu machen.<\/p>\n\n\n\n<p>Das hat eindeutige Vorteile: Du kennst dein Pferd, du gibst ihm die Zeit die es braucht, ihr geht den Weg gemeinsam. Keine Kompromisse. <\/p>\n\n\n\n<p>You love your horse, you will give her all the time she needs and you will go through the process together. That sounds perfect.<\/p>\n\n\n\n<p>Aber es gibt auch Risiken, besonders wenn dir die Erfahrung fehlt.<\/p>\n\n\n\n<p>Beim Anreiten gibt es Schl\u00fcsselmomente, in denen praktische Erfahrung entscheidend ist. <\/p>\n\n\n\n<p>Wenn du zum ersten Mal auf einem jungen Pferd sitzt, kann Unerwartetes passieren. Deine Reaktion in diesem Moment pr\u00e4gt, wie dein Pferd zuk\u00fcnftige Reitsituationen erlebt.<\/p>\n\n\n\n<p>Erfahrung hilft dir abzusch\u00e4tzen, was schiefgehen k\u00f6nnte \u2013 und es zu verhindern. Oder wenn es passiert, richtig damit umzugehen.<\/p>\n\n\n\n<p>Selbst trainieren oder zum Profi?<\/p>\n\n\n\n<p>Diese Frage stellt sich \u00fcbrigens genauso beim Neu-Anreiten von Pferden mit problematischer Vorgeschichte. Bei denen ist es sogar noch schwieriger \u2013 sie brauchen mehr Erfahrung, aber auch mehr Zeit und Geduld, die oft nur der neue Besitzer aufbringen kann.<\/p>\n\n\n\n<p>Ich habe diesen Prozess viermal durchlaufen: zweimal mit Jungpferden \"von der Weide\", zweimal als Neu-Anreiten bereits gerittener Pferde.<\/p>\n\n\n\n<p>Die ersten beiden waren <strong>Asfaloth<\/strong> (Neu-Anreiten) und <strong>Graya<\/strong> (von der Weide), als ich noch wenig Trainingserfahrung hatte.<\/p>\n\n\n\n<p>Asfaloths Training basierte auf Alexandra Kurlands Clickertraining-Arbeit. Alexs Methoden passen perfekt zu Anja Berans Ansatz. Mehr dazu <a href=\"https:\/\/clickertrainingpferde.com\/de\/about\/\" title=\"\u00dcber mich\">hier<\/a>.<\/p>\n\n\n\n<p>2013 konnte ich Graya f\u00fcr 3,5 Monate zu Anja Beran schicken. Wir beide haben enorm viel gelernt.<\/p>\n\n\n<div class=\"wp-block-image\">\n<figure class=\"aligncenter size-full is-resized\"><img loading=\"lazy\" decoding=\"async\" width=\"899\" height=\"600\" src=\"https:\/\/clickertrainingpferde.com\/wp-content\/uploads\/2024\/12\/IMG_0028.JPG\" alt=\"\" class=\"wp-image-1634\" style=\"width:434px;height:auto\" srcset=\"https:\/\/clickertrainingpferde.com\/wp-content\/uploads\/2024\/12\/IMG_0028.JPG 899w, https:\/\/clickertrainingpferde.com\/wp-content\/uploads\/2024\/12\/IMG_0028-300x200.jpg 300w, https:\/\/clickertrainingpferde.com\/wp-content\/uploads\/2024\/12\/IMG_0028-768x513.jpg 768w\" sizes=\"auto, (max-width: 899px) 100vw, 899px\" \/><figcaption class=\"wp-element-caption\">Junge Graya bei Anja Berans Workshop 2013<\/figcaption><\/figure><\/div>\n\n\n<p>Wenn du eine Trainerin wie Anja Beran findest, dann nutze die Chance. Sie gibt Jungpferden einen soliden Start.<\/p>\n\n\n\n<p>Die zweiten beiden Pferde waren <strong>Blondie<\/strong> (Neu-Anreiten) und <strong>Malou<\/strong> (von der Weide), als ich deutlich mehr Erfahrung hatte.<\/p>\n\n\n<div class=\"gb-container gb-container-44c333fa\">\n\n<figure class=\"wp-block-gallery has-nested-images columns-default is-cropped wp-block-gallery-4 is-layout-flex wp-block-gallery-is-layout-flex\">\n<figure class=\"wp-block-image size-large\"><img loading=\"lazy\" decoding=\"async\" width=\"715\" height=\"715\" data-id=\"1570\" src=\"https:\/\/clickertrainingpferde.com\/wp-content\/uploads\/2024\/11\/IMG_4537.jpg\" alt=\"\" class=\"wp-image-1570\" srcset=\"https:\/\/clickertrainingpferde.com\/wp-content\/uploads\/2024\/11\/IMG_4537.jpg 715w, https:\/\/clickertrainingpferde.com\/wp-content\/uploads\/2024\/11\/IMG_4537-300x300.jpg 300w, https:\/\/clickertrainingpferde.com\/wp-content\/uploads\/2024\/11\/IMG_4537-150x150.jpg 150w\" sizes=\"auto, (max-width: 715px) 100vw, 715px\" \/><\/figure>\n\n\n\n<figure class=\"wp-block-image size-large\"><img loading=\"lazy\" decoding=\"async\" width=\"1024\" height=\"935\" data-id=\"1572\" src=\"https:\/\/clickertrainingpferde.com\/wp-content\/uploads\/2024\/11\/IMG_4538-1024x935.jpg\" alt=\"\" class=\"wp-image-1572\" srcset=\"https:\/\/clickertrainingpferde.com\/wp-content\/uploads\/2024\/11\/IMG_4538-1024x935.jpg 1024w, https:\/\/clickertrainingpferde.com\/wp-content\/uploads\/2024\/11\/IMG_4538-300x274.jpg 300w, https:\/\/clickertrainingpferde.com\/wp-content\/uploads\/2024\/11\/IMG_4538-768x701.jpg 768w, https:\/\/clickertrainingpferde.com\/wp-content\/uploads\/2024\/11\/IMG_4538.jpg 1284w\" sizes=\"auto, (max-width: 1024px) 100vw, 1024px\" \/><\/figure>\n\n\n\n<figure class=\"wp-block-image size-large\"><img loading=\"lazy\" decoding=\"async\" width=\"1024\" height=\"830\" data-id=\"1571\" src=\"https:\/\/clickertrainingpferde.com\/wp-content\/uploads\/2024\/11\/1-33-1024x830.jpeg\" alt=\"\" class=\"wp-image-1571\" srcset=\"https:\/\/clickertrainingpferde.com\/wp-content\/uploads\/2024\/11\/1-33-1024x830.jpeg 1024w, https:\/\/clickertrainingpferde.com\/wp-content\/uploads\/2024\/11\/1-33-300x243.jpeg 300w, https:\/\/clickertrainingpferde.com\/wp-content\/uploads\/2024\/11\/1-33-768x622.jpeg 768w, https:\/\/clickertrainingpferde.com\/wp-content\/uploads\/2024\/11\/1-33.jpeg 1175w\" sizes=\"auto, (max-width: 1024px) 100vw, 1024px\" \/><\/figure>\n<\/figure>\n\n<\/div>\n\n\n<p>Ich habe meine Erfahrungen mit diesen vier Pferden in einer E-Mail-Serie dokumentiert. Stand Dezember 2024 waren die Texte noch nicht fertig, geplant war eine E-Mail pro Woche. <strong><mark style=\"background-color:#f9ee08\" class=\"has-inline-color\">Update: Die Serie ist abgeschlossen \u2013 25 ausf\u00fchrliche Artikel.<\/mark><\/strong><\/p>\n\n\n\n<p>Meine Hoffnung ist, dass du dich in mindestens einer Kombi Pferd und Trainingslevel wiederfindest und dir diese Erfahrungen helfen dich zu entscheiden, wie du mit deinem Pferd vorgehst.<\/p>\n\n\n\n<p>Falls du die E-Mails m\u00f6chtest, trag dich im Formular unten ein. (Du kannst dich jederzeit wieder abmelden.)<\/p>\n\n\n\n<p>Bis dahin empfehle ich dir die drei Equiosity-Podcast-Episoden, die Alexandra Kurland und Dominique Day mit mir und Malous Besitzerin aufgenommen haben.<\/p>\n\n\n\n<p>Wir sprechen dar\u00fcber, wie wir die 4-j\u00e4hrige QH-Stute Malou angeritten haben und wie sich das von Blondie s unterschied, die leider einen schwierigen Start hatte.<\/p>\n\n\n\n<p><a href=\"https:\/\/soundcloud.com\/user-398403643\/episode-302-michaela-hempen-carmen-heritier-starting-young-horses-pt-1\" target=\"_blank\" rel=\"noopener\" title=\"\">Equiosity Podcast Episodes #302 bis #304 (English)<\/a><\/p>\n\n\n<div class=\"gb-container gb-container-b14b2e82\">\n\n<p>Du kannst auch meinen <a href=\"https:\/\/www.youtube.com\/channel\/UC2BF6ym0zFLKiFPhaBZc_KQ\" title=\"\">Youtube <\/a><a href=\"https:\/\/www.youtube.com\/channel\/UC2BF6ym0zFLKiFPhaBZc_KQ\" target=\"_blank\" rel=\"noopener\" title=\"\">Kanal<\/a> abonnieren, wo ich Malous Trainingsvideos (und andere Trainingsvideos) hochlade.<\/p>\n\n<\/div>\n\n<div class=\"gb-container gb-container-ead8322d\">\n\n<h2 class=\"wp-block-heading\">Hinweis<\/h2>\n\n\n\n<p>Die Anmeldung zur Email Serie ist geschlossen aber alle Emails sind hier verf\u00fcgbar:<br><a href=\"https:\/\/clickertrainingpferde.com\/de\/category\/overview\/\" data-type=\"category\" data-id=\"30\">\u00dcbersicht Email Serie<\/a><\/p>\n\n<\/div>\n\n\n<p><\/p>","protected":false},"excerpt":{"rendered":"<p>Starting a young horse under saddle You have a young horse and dream about riding? Now you face the question how to start her under saddle? Many people entrust their horse to an experienced professional trainer for the critical period of introducing the saddle and rider. And that makes a lot of sense because errors &#8230; <a title=\"Learn\" class=\"read-more\" href=\"https:\/\/clickertrainingpferde.com\/de\/learn\/\" aria-label=\"Mehr Informationen \u00fcber Learn\">Weiterlesen<\/a><\/p>","protected":false},"author":1,"featured_media":0,"parent":0,"menu_order":0,"comment_status":"closed","ping_status":"closed","template":"","meta":{"_surecart_dashboard_logo_width":"180px","_surecart_dashboard_show_logo":true,"_surecart_dashboard_navigation_orders":true,"_surecart_dashboard_navigation_invoices":true,"_surecart_dashboard_navigation_subscriptions":true,"_surecart_dashboard_navigation_downloads":true,"_surecart_dashboard_navigation_billing":true,"_surecart_dashboard_navigation_account":true,"_wp_convertkit_post_meta":{"form":"0","landing_page":"0","tag":"0","restrict_content":"0"},"footnotes":"","_links_to":"","_links_to_target":""},"class_list":["post-261","page","type-page","status-publish"],"_links":{"self":[{"href":"https:\/\/clickertrainingpferde.com\/de\/wp-json\/wp\/v2\/pages\/261","targetHints":{"allow":["GET"]}}],"collection":[{"href":"https:\/\/clickertrainingpferde.com\/de\/wp-json\/wp\/v2\/pages"}],"about":[{"href":"https:\/\/clickertrainingpferde.com\/de\/wp-json\/wp\/v2\/types\/page"}],"author":[{"embeddable":true,"href":"https:\/\/clickertrainingpferde.com\/de\/wp-json\/wp\/v2\/users\/1"}],"replies":[{"embeddable":true,"href":"https:\/\/clickertrainingpferde.com\/de\/wp-json\/wp\/v2\/comments?post=261"}],"version-history":[{"count":102,"href":"https:\/\/clickertrainingpferde.com\/de\/wp-json\/wp\/v2\/pages\/261\/revisions"}],"predecessor-version":[{"id":2735,"href":"https:\/\/clickertrainingpferde.com\/de\/wp-json\/wp\/v2\/pages\/261\/revisions\/2735"}],"wp:attachment":[{"href":"https:\/\/clickertrainingpferde.com\/de\/wp-json\/wp\/v2\/media?parent=261"}],"curies":[{"name":"wp","href":"https:\/\/api.w.org\/{rel}","templated":true}]}}