{"id":2624,"date":"2026-02-01T17:28:12","date_gmt":"2026-02-01T16:28:12","guid":{"rendered":"https:\/\/clickertrainingpferde.com\/?page_id=2624"},"modified":"2026-03-08T10:42:59","modified_gmt":"2026-03-08T09:42:59","slug":"home","status":"publish","type":"page","link":"https:\/\/clickertrainingpferde.com\/de\/","title":{"rendered":"Home"},"content":{"rendered":"<p>2010 st\u00fcrzte ich vom Pferd und brach meine Schulter. In dem Monat meiner Genesung entdeckte ich <a href=\"https:\/\/www.theclickercenter.com\" data-type=\"link\" data-id=\"https:\/\/www.theclickercenter.com\">Alexandra Kurland<\/a>s Clickertraining \u2013 eine Methodik, die auf systematischer positiver Verst\u00e4rkung basiert, nicht auf eskalierendem Druck.<\/p>\n\n\n\n<p>Innerhalb weniger Wochen verwandelte sich mein Pferd. Er brummelte freudig, wenn er mich kommen sah. Trabte zum Gatter statt zum hinteren Ende der Koppel. Er bot eifrig Verhalten an und beobachtete mich mit fokussierter Aufmerksamkeit.<\/p>\n\n\n\n<p>Meine Stallbesitzerin nahm mich zur Seite: \u201eWas hast du mit ihm gemacht? Er ist wie ausgewechselt \u2013 auf einmal so verspielt!\"<\/p>\n\n\n\n<p>Mein Tierarzt bemerkte es bei einer Routineuntersuchung: \u201eFr\u00fcher hat er die Ohren angelegt, wenn ich kam. Jetzt ist er neugierig.\"<\/p>\n\n\n\n<p>Mein Pferd begann am Gatter zu warten, weil er mit mir arbeiten wollte. Keine F\u00fcgsamkeit. Teilnahme.<\/p>\n\n\n\n<p>Zum ersten Mal verstand ich, was echte Partnerschaft bedeutet.<\/p>\n\n\n<div class=\"wp-block-image\">\n<figure class=\"aligncenter size-full is-resized\"><img loading=\"lazy\" decoding=\"async\" width=\"320\" height=\"214\" src=\"https:\/\/clickertrainingpferde.com\/wp-content\/uploads\/2025\/12\/1-35.jpeg\" alt=\"\" class=\"wp-image-2366\" style=\"width:494px;height:auto\" srcset=\"https:\/\/clickertrainingpferde.com\/wp-content\/uploads\/2025\/12\/1-35.jpeg 320w, https:\/\/clickertrainingpferde.com\/wp-content\/uploads\/2025\/12\/1-35-300x201.jpeg 300w, https:\/\/clickertrainingpferde.com\/wp-content\/uploads\/2025\/12\/1-35-18x12.jpeg 18w\" sizes=\"auto, (max-width: 320px) 100vw, 320px\" \/><figcaption class=\"wp-element-caption\">Asfaloth \u2013 Partnerschaft aufgebaut durch geduldiges Lehren, nicht Druck (Foto: Maresa Mader Fotografie)<\/figcaption><\/figure><\/div>\n\n\n<p>Dann dachte ich wieder ans Reiten. Mein Magen zog sich zusammen.<\/p>\n\n\n\n<p>Alles, was ich bisher \u00fcber Reiten gelernt hatte, basierte auf Druck und Eskalation \u2013 genau das System, das ich gerade verlassen hatte. Zur\u00fcckzugehen f\u00fchlte sich an wie Verrat an dem Vertrauen, das wir aufgebaut hatten.<\/p>\n\n\n\n<p>Vielleicht war das die Wahl: Partnerschaft am Boden, oder reiten.<\/p>\n\n\n\n<hr class=\"wp-block-separator has-alpha-channel-opacity\"\/>\n\n\n\n<h2 class=\"wp-block-heading\"><strong>Der Wendepunkt<\/strong><\/h2>\n\n\n\n<p>Ein Jahr sp\u00e4ter besuchte ich den ersten Internationalen Workshop der klassischen Dressurausbilderin <a href=\"https:\/\/www.anjaberan.de\/en\">Anja Beran<\/a>.<\/p>\n\n\n\n<p>Ich sah einen Hengst in Piaffe \u00fcber den alle sagten, er k\u00f6nne nie wieder geritten werden k\u00f6nnen. Er war schwer lahm zu Anja gekommen. Jetzt bewegte er sich mit einer Leichtigkeit, die die versammelte Arbeit m\u00fchelos aussehen lie\u00df.<\/p>\n\n\n\n<p>Ein anderes Pferd \u2013 abgeschrieben nach Jahren harter Ausbildung, dokumentierte Lahmheit, tier\u00e4rztliche Unterlagen, die fr\u00fche Pensionierung vorhersagten \u2013 pr\u00e4sentierte fliegende Wechsel mit angehobenem R\u00fccken und entspanntem Kiefer.<\/p>\n\n\n\n<p>Das war nicht das harte Reiten, von dem ich mich abgewendet hatte. Das war Reiten, das Pferde heilte.<\/p>\n\n\n\n<p>Anja erkl\u00e4rte: Klassische Prinzipien, angewandt mit Geduld und Pr\u00e4zision, kann Pferde therapieren. Nicht nur Schaden vermeiden sondern tats\u00e4chlich heilen.<\/p>\n\n\n\n<p>Ich wollte beides. Die Clickermethodik, die meine Beziehung zu Asfaloth verwandelt hatte, und die therapeutische klassische Arbeit, die seinen K\u00f6rper st\u00e4rken konnte, statt ihn kaputtzumachen.<\/p>\n\n\n<div class=\"wp-block-image\">\n<figure class=\"aligncenter size-large is-resized\"><img loading=\"lazy\" decoding=\"async\" width=\"1024\" height=\"683\" src=\"https:\/\/clickertrainingpferde.com\/wp-content\/uploads\/2026\/01\/531512673_1299947874812097_4036148585900385872_n-1024x683.jpg\" alt=\"\" class=\"wp-image-2625\" style=\"width:440px;height:auto\" srcset=\"https:\/\/clickertrainingpferde.com\/wp-content\/uploads\/2026\/01\/531512673_1299947874812097_4036148585900385872_n-1024x683.jpg 1024w, https:\/\/clickertrainingpferde.com\/wp-content\/uploads\/2026\/01\/531512673_1299947874812097_4036148585900385872_n-300x200.jpg 300w, https:\/\/clickertrainingpferde.com\/wp-content\/uploads\/2026\/01\/531512673_1299947874812097_4036148585900385872_n-768x512.jpg 768w, https:\/\/clickertrainingpferde.com\/wp-content\/uploads\/2026\/01\/531512673_1299947874812097_4036148585900385872_n-18x12.jpg 18w, https:\/\/clickertrainingpferde.com\/wp-content\/uploads\/2026\/01\/531512673_1299947874812097_4036148585900385872_n.jpg 1378w\" sizes=\"auto, (max-width: 1024px) 100vw, 1024px\" \/><figcaption class=\"wp-element-caption\">Reiten, das heilt statt schadet. (Foto: Maresa Mader Fotografie)<\/figcaption><\/figure><\/div>\n\n\n<hr class=\"wp-block-separator has-alpha-channel-opacity\"\/>\n\n\n\n<h2 class=\"wp-block-heading\"><strong>Das Problem, das niemand l\u00f6st<\/strong><\/h2>\n\n\n\n<p>Jahre des Studiums zeigten mir, warum diese Integration verborgen bleibt:<\/p>\n\n\n\n<p>Es fehlen sichtbare Vorbilder vom Reiten auf hohem Niveau, welches Pferde heilt und gesund erh\u00e4lt. Stattdessen dominieren Bilder von  Pferden mit aufgesperrten M\u00e4ulern, blaue Zungen und kurze H\u00e4lse. Gestresste Pferde und Reiter:innen die damit Schleifen gewinnen.<\/p>\n\n\n\n<p>Skandale brechen aus. Reiter:innen, die einst bewundert wurden, werden Methoden vorgeworfen, die wir nicht ertragen k\u00f6nnen. Olympisches Filmmaterial zeigt Zwang, verpackt als Finesse.<\/p>\n\n\n\n<p>Pferdeliebhaber:innen wenden sich aus gutem Grund ab wenn sie Turniervideos sehen: <em>Nicht mit meinem Pferd.<\/em><\/p>\n\n\n\n<p>Clickertrainer:innen, die die Vorteile positiver Verst\u00e4rkung entdeckt haben, schlie\u00dfen daraus, dass Reiten zwangsweise Kompromisse bedeutet. <em>Wenn ich diese Beziehung behalten will, sollte ich Reiten vergessen.<\/em><\/p>\n\n\n\n<p><strong>Beide Gruppen reagieren rational auf das, was sie erlebt haben.<\/strong><\/p>\n\n\n\n<p>Traditionelle Reiter:innen haben gelernt, dass Zwang Ergebnisse bringt. Sie haben noch nicht entdeckt, wie systematische positive Verst\u00e4rkung dieselbe biomechanische Entwicklung aufbaut, ohne Druck zu eskalieren.<\/p>\n\n\n\n<p>Clickertrainer:innen sind frustriert vom missbr\u00e4uchlichen Turniersport. Sie haben noch nicht erfahren, wie klassische Prinzipien therapeutische Bewegung schaffen, die Pferdek\u00f6rper heilt.<\/p>\n\n\n\n<p>Wann hast du zuletzt hochklassiges Reiten gesehen, das nicht auf Zwang beruhte?<\/p>\n\n\n\n<p>Wann hast du zuletzt Clickertraining gesehen, das Versammlung entwickelte, die ein Reitpferd bis ins hohe Alter st\u00e4rkte?<\/p>\n\n\n\n<p><strong>Wenn du es nicht sehen kannst, woher wei\u00dft du, dass es existiert?<\/strong><\/p>\n\n\n\n<hr class=\"wp-block-separator has-alpha-channel-opacity\"\/>\n\n\n\n<h2 class=\"wp-block-heading\"><strong>Menschen wie wir<\/strong><\/h2>\n\n\n\n<p>Du wei\u00dft, dass Zwang Vertrauen besch\u00e4digt. Und du wei\u00dft, dass dein Pferd mehr Kapazit\u00e4t hat, als du gerade entwickelst.<\/p>\n\n\n\n<p>Wenn Trainer:innen dir sagen, \u201ewerd h\u00e4rter\", wei\u00dft du, dass das der falsche Weg ist.<\/p>\n\n\n\n<p>Wenn Stallfreund:innen sagen, du bist zu weich, zu langsam, zu nett, dann du gibst deinen gew\u00e4hlten Pfad nicht auf.<\/p>\n\n\n\n<p>Wir lassen Pferde nicht im Stich, wenn sie uns ihren Schmerz zeigen. Wir weigern uns zu w\u00e4hlen zwischen Partnerschaft und unseren Pferden zu helfen, sich mit Kraft und Leichtigkeit zu bewegen.<\/p>\n\n\n\n<p>Und leise, beharrlich bauen wir, was fehlt: sichtbare Beispiele therapeutischen Reitens, entwickelt durch systematische positive Verst\u00e4rkung.<\/p>\n\n\n\n<p>Vielleicht ist deine Beziehung noch nicht so weit. Vielleicht meidet dein Pferd dich, legt die Ohren an, wenn du kommst, macht das Aufsteigen zum Kampf. Vielleicht hast du es mit Bei\u00dfen, Durchgehen, gef\u00e4hrlichem Verhalten zu tun, das jetzt L\u00f6sungen braucht, nicht in Jahren.\nDu bist trotzdem am richtigen Ort.\nDieselben Prinzipien, die therapeutische Versammlung schaffen, l\u00f6sen auch Verhaltensprobleme \u2013 denn beide laufen darauf hinaus, Kapazit\u00e4t aufzubauen statt F\u00fcgsamkeit zu erzwingen.<\/p>\n\n\n\n<hr class=\"wp-block-separator has-alpha-channel-opacity\"\/>\n\n\n\n<h2 class=\"wp-block-heading\"><strong>Was ich entdeckte<\/strong><\/h2>\n\n\n\n<p>Als ich mit Clickertraining begann, war ich nicht sicher, ob beides m\u00f6glich war. Partnerschaft und Reiten. Freundlichkeit und Leistung.<\/p>\n\n\n\n<p>Die meisten Menschen glauben noch immer, man m\u00fcsse w\u00e4hlen. Sie geben das Reiten ganz auf, oder sie akzeptieren, dass Leistung Zwang erfordert.<\/p>\n\n\n\n<p>Ich hatte gesehen, dass beides m\u00f6glich war. Anjas Pferde bewiesen, dass klassische Arbeit heilen kann. Asfaloth bewies, dass Clickertraining Beziehungen verwandelt.<\/p>\n\n\n\n<p>Aber ich wollte verstehen, warum die meisten Menschen nicht sehen, was ich sah. Warum die Beispiele, die ihre Meinung \u00e4ndern w\u00fcrden, verborgen bleiben. Warum sowohl Clickertrainer:innen als auch traditionelle Reiter:innen dasselbe grundlegende Problem durch v\u00f6llig verschiedene Methoden erschaffen.<\/p>\n\n\n\n<p>Dieses Verst\u00e4ndnis entstand langsam. Ich lernte von<strong> Anja Beran<\/strong> und <strong>Alexandra Kurland,<\/strong> wie klassische biomechanische Prinzipien und Alex' systematischer Ansatz im Clickertraining sich integrieren.<\/p>\n\n\n\n<p>Ich arbeitete mit einer <a href=\"https:\/\/feldenkrais.com\">Feldenkrais<\/a> -Praktikerin und lernte, wie ich meinen K\u00f6rper nutzte und durch den Sattel kommunizierte.<\/p>\n\n\n\n<p>Ich betrachtete unz\u00e4hlige Videos \u2013 studierte Anjas Trainingseinheiten Bild f\u00fcr Bild, verglich sie dann mit Aufnahmen meiner eigenen Arbeit und nutzte den Kontrast als Selbstcoaching-Werkzeug. <\/p>\n\n\n\n<p>Dann nutzte ich Alex' Clickertraining, um meinen Pferden \u2013 und mir selbst \u2013 systematisch beizubringen, was fehlte. Ich trainierte Pferde, die durch fr\u00fchere Methoden besch\u00e4digt worden waren. Mit systematischer Progression und Zeit verbesserte sich ihre Bewegung und das Funkeln kehrte in ihre Augen zur\u00fcck.<\/p>\n\n\n\n<p>Ein Moment kristallisierte es:<\/p>\n\n\n\n<p>Ich sah mir Videos von Anjas Workshop wieder an. In einer Lektion kommentierte sie, dass beim \u00dcbergang des Pferdes vom Trab in den Galopp ein kurzes Stocken war, bevor der Galopp begann. Ich betrachtete das Video. Ich konnte es nicht erkennen.<\/p>\n\n\n\n<p>Ich sah es mir wieder an. Und wieder. Vielleicht zwanzigmal.<\/p>\n\n\n\n<p>Dann pl\u00f6tzlich \u2013 da war es. Ein winziges Z\u00f6gern. Der Fluss brach. Das Pferd konnte nicht flie\u00dfend von einer Gangart zur n\u00e4chsten wechseln.<\/p>\n\n\n\n<p>Und sofort dachte ich: <em>Asfaloth macht genau dasselbe.<\/em><\/p>\n\n\n\n<p>Deshalb ist biomechanisches Wissen wichtig \u2013 besonders f\u00fcr Clickertrainer:innen. Wenn ich dieses kurze Stocken nicht erkenne und ich f\u00fcr den Galopp\u00fcbergang clicke, was verst\u00e4rke ich dann tats\u00e4chlich? Das Stocken, nicht den Fluss. Ich markiere Verspannung. Und diese Momente der Verspannung akkumulieren sich.<\/p>\n\n\n\n<p>Diese Aufmerksamkeit f\u00fcr kleine Details \u2013 kurze Verspannungen, winzige Gleichgewichtsverluste \u2013 ist, was sowohl Alex als auch Anja lehren. Sobald du lernst, sie zu erkennen, siehst du die Verspannungen und Gleichgewichtsverluste \u00fcberall. In Wettbewerbsvideos und im Alltag.<\/p>\n\n\n\n<p><strong>The Integration<\/strong> zeigt dir dieses Muster \u2013 was wir erschaffen, warum es unsichtbar bleibt, und was echte Gesunderhaltung tats\u00e4chlich erfordert.<\/p>\n\n\n\n<hr class=\"wp-block-separator has-alpha-channel-opacity\"\/>\n\n\n\n<h2 class=\"wp-block-heading\"><strong>Tiefe statt Geschwindigkeit<\/strong><\/h2>\n\n\n\n<p>Vollst\u00e4ndige Entwicklung dauert Jahre \u2013 Pferde, die sich mit therapeutischer Versammlung bis ins hohe Alter bewegen. Aber die grundlegenden Prinzipien ver\u00e4ndern deine t\u00e4glichen Interaktionen sofort: klarere Kommunikation, sichererer Umgang, bessere Beziehungen von Anfang an.<\/p>\n\n\n\n<p>Nicht weil die Methodik kompliziert ist sondern weil echte Entwicklung, k\u00f6rperlich und geistig, nicht \u00fcberst\u00fcrzt werden kann.<\/p>\n\n\n\n<p>Du brauchst Geduld mit unsichtbarem Fortschritt. Monate, in denen du Fundament aufbaust, das sich nicht gut fotografieren l\u00e4sst. Jahre, in denen kleine Ver\u00e4nderungen sich zu Transformation verdichten, die am Anfang nicht sichtbar war.<\/p>\n\n\n\n<p>Du musst systematisch bleiben, wenn Pferde Schwierigkeiten haben \u2013 die Frage finden, die sie beantworten k\u00f6nnen, statt sich durchzuk\u00e4mpfen.<\/p>\n\n\n\n<p>Du musst engagiert bleiben, wenn Stallfreund:innen fragen, warum dein Pferd \u201enoch nichts macht\", w\u00e4hrend ihre durch Bewegungen gedr\u00e4ngt werden, f\u00fcr die ihre K\u00f6rper nicht bereit sind.<\/p>\n\n\n\n<p>Dieser Weg bedeutet, Tiefe \u00fcber Geschwindigkeit zu w\u00e4hlen. Langfristige Gesunderhaltung \u00fcber kurzfristige Leistung. Kapazit\u00e4t aufbauen statt Form zu erzwingen.<\/p>\n\n\n\n<p>Wenn schnelle und oberfl\u00e4chliche Ergebnisse wichtiger sind als nachhaltige Entwicklung, ist das nicht dein Weg.<\/p>\n\n\n\n<p>Wenn du Pferde als Werkzeuge siehst, die zu meistern sind, statt als Partner:innen, deren Kapazit\u00e4t du systematisch entwickelst, werden wir nicht gut zusammenarbeiten.<\/p>\n\n\n\n<p>Aber wenn du bereit bist, langsam aufzubauen, klar zu sehen und engagiert zu bleiben, wenn Fortschritt unsichtbar erscheint \u2013 dann bist du genau da, wo du hingeh\u00f6rst.<\/p>\n\n\n\n<hr class=\"wp-block-separator has-alpha-channel-opacity\"\/>\n\n\n\n<h2 class=\"wp-block-heading\"><strong>Wie es weitergeht<\/strong><\/h2>\n\n\n\n<p>Wenn du dasselbe Unbehagen \u00fcber diese Entweder-Oder-Entscheidung gesp\u00fcrt hast, dann ist <strong>The Integration<\/strong> dein n\u00e4chster Schritt.<\/p>\n\n\n\n<p>Sie zeigt dir, was wir erschaffen, warum es unsichtbar bleibt, und was echte Gesunderhaltung tats\u00e4chlich m\u00f6glich macht.<\/p>\n\n\n\n<p>\u2192 <strong><a href=\"https:\/\/clickertrainingpferde.com\/de\/the-integration\/\" data-type=\"page\" data-id=\"2630\">Weiterlesen: The Integration<\/a><\/strong><\/p>\n\n\n\n<p><\/p>","protected":false},"excerpt":{"rendered":"<p>In 2010, I fell off my horse and broke my shoulder. During that month of recovery, I discovered Alexandra Kurland&#8216;s clicker training, a methodology for teaching horses through systematic positive reinforcement instead of escalating pressure. Within weeks, my horse transformed. He&#8217;d nicker when he saw me approach. Trot to the gate instead of the back &#8230; <a title=\"Home\" class=\"read-more\" href=\"https:\/\/clickertrainingpferde.com\/de\/\" aria-label=\"Mehr Informationen \u00fcber Home\">Weiterlesen<\/a><\/p>","protected":false},"author":1,"featured_media":0,"parent":0,"menu_order":0,"comment_status":"closed","ping_status":"closed","template":"","meta":{"_surecart_dashboard_logo_width":"180px","_surecart_dashboard_show_logo":true,"_surecart_dashboard_navigation_orders":true,"_surecart_dashboard_navigation_invoices":true,"_surecart_dashboard_navigation_subscriptions":true,"_surecart_dashboard_navigation_downloads":true,"_surecart_dashboard_navigation_billing":true,"_surecart_dashboard_navigation_account":true,"_wp_convertkit_post_meta":{"form":"-1","landing_page":"0","tag":"0","restrict_content":"0"},"footnotes":"","_links_to":"","_links_to_target":""},"class_list":["post-2624","page","type-page","status-publish"],"_links":{"self":[{"href":"https:\/\/clickertrainingpferde.com\/de\/wp-json\/wp\/v2\/pages\/2624","targetHints":{"allow":["GET"]}}],"collection":[{"href":"https:\/\/clickertrainingpferde.com\/de\/wp-json\/wp\/v2\/pages"}],"about":[{"href":"https:\/\/clickertrainingpferde.com\/de\/wp-json\/wp\/v2\/types\/page"}],"author":[{"embeddable":true,"href":"https:\/\/clickertrainingpferde.com\/de\/wp-json\/wp\/v2\/users\/1"}],"replies":[{"embeddable":true,"href":"https:\/\/clickertrainingpferde.com\/de\/wp-json\/wp\/v2\/comments?post=2624"}],"version-history":[{"count":35,"href":"https:\/\/clickertrainingpferde.com\/de\/wp-json\/wp\/v2\/pages\/2624\/revisions"}],"predecessor-version":[{"id":2775,"href":"https:\/\/clickertrainingpferde.com\/de\/wp-json\/wp\/v2\/pages\/2624\/revisions\/2775"}],"wp:attachment":[{"href":"https:\/\/clickertrainingpferde.com\/de\/wp-json\/wp\/v2\/media?parent=2624"}],"curies":[{"name":"wp","href":"https:\/\/api.w.org\/{rel}","templated":true}]}}