{"id":2634,"date":"2026-02-01T17:29:55","date_gmt":"2026-02-01T16:29:55","guid":{"rendered":"https:\/\/clickertrainingpferde.com\/?page_id=2634"},"modified":"2026-03-09T10:18:07","modified_gmt":"2026-03-09T09:18:07","slug":"join","status":"publish","type":"page","link":"https:\/\/clickertrainingpferde.com\/de\/join\/","title":{"rendered":"Join"},"content":{"rendered":"<h2 class=\"wp-block-heading\">Unser Stand der Dinge<\/h2>\n\n\n\n<p>Vor f\u00fcnf Jahren, als Blondie zu mir kam, war die erste Aufgabe, ihr die Freude zur\u00fcckzugeben. Als junges Pferd war sie hart angeritten worden, hatte einen Koppriemen getragen, der eine partielle Fazialisl\u00e4hmung auf der rechten Seite verursacht hatte. Deshalb drehten sich die ersten Jahre darum, sie wieder f\u00fcr das Training zu begeistern.<\/p>\n\n\n\n<p>In The Integration hast du gesehen, was hartes Training anrichtet und was geduldiger Aufbau daraus machen kann. F\u00fcnf Jahre sp\u00e4ter arbeiten wir noch immer, verfeinern, entdecken neue Schichten.<\/p>\n\n\n\n<p>Jetzt arbeiten wir an etwas Subtilem. In Linksbiegungen zum Beispiel verliert sie f\u00fcr ein paar Schritte den Rhythmus. Vor f\u00fcnf Jahren waren die Probleme nicht zu \u00fcbersehen. Heute brauche ich die Videoanalyse, um sie zu finden.<\/p>\n\n\n\n<p>Das ist die Arbeit. So sieht geduldiger Aufbau aus.<\/p>\n\n\n\n<p>Both Anja and Alex noticed the pattern when reviewing video. Right turns are smooth. Left turns\u2014she struggles. She&#8217;s naturally bent to the right, stiff on the left side. When she turns left, I can see her head bobbing up for 2-3 steps, then she catches her balance again.<\/p>\n\n\n<!--presto-player:video_id=270--><figure class=\"wp-block-video presto-block-video  presto-provider-bunny\" style=\"--plyr-color-main: var(--presto-player-highlight-color, #70c1b3); --plyr-captions-background: #000000; --presto-player-logo-width: 150px; \">\n\t<presto-player \n\t\tpreset='{&quot;id&quot;:6,&quot;name&quot;:&quot;My preset&quot;,&quot;slug&quot;:&quot;my-preset&quot;,&quot;icon&quot;:&quot;&quot;,&quot;skin&quot;:&quot;modern&quot;,&quot;play-large&quot;:true,&quot;rewind&quot;:true,&quot;play&quot;:true,&quot;fast-forward&quot;:true,&quot;progress&quot;:true,&quot;current-time&quot;:true,&quot;mute&quot;:true,&quot;volume&quot;:true,&quot;speed&quot;:false,&quot;pip&quot;:false,&quot;fullscreen&quot;:true,&quot;captions&quot;:false,&quot;reset_on_end&quot;:false,&quot;auto_hide&quot;:true,&quot;show_time_elapsed&quot;:false,&quot;captions_enabled&quot;:false,&quot;save_player_position&quot;:true,&quot;sticky_scroll&quot;:false,&quot;sticky_scroll_position&quot;:&quot;&quot;,&quot;on_video_end&quot;:&quot;&quot;,&quot;play_video_viewport&quot;:false,&quot;hide_youtube&quot;:false,&quot;lazy_load_youtube&quot;:false,&quot;hide_logo&quot;:false,&quot;border_radius&quot;:0,&quot;caption_style&quot;:&quot;default&quot;,&quot;caption_background&quot;:&quot;#000000&quot;,&quot;is_locked&quot;:false,&quot;cta&quot;:{&quot;enabled&quot;:false,&quot;percentage&quot;:100,&quot;show_rewatch&quot;:true,&quot;show_skip&quot;:true,&quot;headline&quot;:&quot;&quot;,&quot;bottom_text&quot;:&quot;&quot;,&quot;show_button&quot;:true,&quot;button_text&quot;:&quot;&quot;,&quot;button_color&quot;:&quot;&quot;,&quot;button_text_color&quot;:&quot;&quot;,&quot;background_opacity&quot;:0,&quot;button_link&quot;:{&quot;id&quot;:&quot;&quot;,&quot;url&quot;:&quot;&quot;,&quot;type&quot;:&quot;&quot;,&quot;opensInNewTab&quot;:false},&quot;button_radius&quot;:0},&quot;watermark&quot;:{&quot;enabled&quot;:false,&quot;text&quot;:&quot;&quot;,&quot;backgroundColor&quot;:&quot;&quot;,&quot;color&quot;:&quot;&quot;,&quot;opacity&quot;:0,&quot;position&quot;:&quot;&quot;},&quot;search&quot;:{&quot;enabled&quot;:false,&quot;minMatchCharLength&quot;:1,&quot;threshold&quot;:0.3,&quot;placeholder&quot;:&quot;Search&quot;},&quot;email_collection&quot;:{&quot;enabled&quot;:false,&quot;behavior&quot;:&quot;pause&quot;,&quot;percentage&quot;:0,&quot;allow_skip&quot;:false,&quot;provider&quot;:&quot;&quot;,&quot;provider_list&quot;:&quot;&quot;,&quot;provider_tag&quot;:&quot;&quot;,&quot;border_radius&quot;:0,&quot;headline&quot;:&quot;&quot;,&quot;bottom_text&quot;:&quot;&quot;,&quot;button_text&quot;:&quot;&quot;,&quot;button_color&quot;:&quot;&quot;,&quot;button_text_color&quot;:&quot;&quot;},&quot;action_bar&quot;:{&quot;enabled&quot;:false,&quot;percentage_start&quot;:0,&quot;text&quot;:&quot;&quot;,&quot;background_color&quot;:&quot;&quot;,&quot;button_type&quot;:&quot;none&quot;,&quot;button_count&quot;:false,&quot;button_text&quot;:&quot;&quot;,&quot;button_radius&quot;:0,&quot;button_color&quot;:&quot;&quot;,&quot;button_text_color&quot;:&quot;&quot;,&quot;button_link&quot;:{&quot;id&quot;:&quot;&quot;,&quot;url&quot;:&quot;&quot;,&quot;type&quot;:&quot;&quot;,&quot;opensInNewTab&quot;:false}},&quot;created_by&quot;:1,&quot;created_at&quot;:&quot;2025-11-24 19:11:04&quot;,&quot;updated_at&quot;:&quot;2025-11-26 21:01:13&quot;,&quot;deleted_at&quot;:&quot;&quot;}'\n\t\tbranding='{&quot;logo&quot;:&quot;&quot;,&quot;color&quot;:&quot;#70c1b3&quot;,&quot;logo_width&quot;:150,&quot;player_css&quot;:&quot;&quot;}'\n\t\tchapters='[]'\n\t\toverlays='[]'\n\t\ttracks='[]'\n\t\tblock-attributes='{&quot;playsInline&quot;:true,&quot;id&quot;:270,&quot;src&quot;:&quot;https:\\\/\\\/vz-e9e55a90-574.b-cdn.net\\\/fbf7ad23-a253-4c5c-9338-168cf91d4814\\\/playlist.m3u8&quot;,&quot;preset&quot;:6,&quot;thumbnail&quot;:&quot;https:\\\/\\\/vz-e9e55a90-574.b-cdn.net\\\/fbf7ad23-a253-4c5c-9338-168cf91d4814\\\/thumbnail.jpg&quot;,&quot;preview&quot;:&quot;https:\\\/\\\/vz-e9e55a90-574.b-cdn.net\\\/fbf7ad23-a253-4c5c-9338-168cf91d4814\\\/preview.webp&quot;,&quot;gbBlockCondition&quot;:&quot;&quot;,&quot;gbBlockConditionInvert&quot;:false,&quot;TrpContentRestriction&quot;:{&quot;restriction_type&quot;:&quot;exclude&quot;,&quot;selected_languages&quot;:[],&quot;panel_open&quot;:true},&quot;title&quot;:&quot;Blondie-left-turn-2.mp4&quot;}'\n\t\tanalytics=''\n\t\tautomations\t\tprovider='bunny'\n\t\t\t\tid=\"presto-player-1\"\n\t\tsrc=\"https:\/\/vz-e9e55a90-574.b-cdn.net\/fbf7ad23-a253-4c5c-9338-168cf91d4814\/playlist.m3u8\"\n\t\tmedia-title=\"Blondie-left-turn-2.mp4\"\n\t\tcss=\"\"\n\t\tclass=\"presto-video-id-270 presto-preset-id-6 skin-modern caption-style-default\"\n\t\tskin=\"modern\" \n\t\ticon-url=\"https:\/\/clickertrainingpferde.com\/wp-content\/plugins\/presto-player\/img\/sprite.svg\" \n\t\tpreload=\"\" \n\t\tposter=\"https:\/\/vz-e9e55a90-574.b-cdn.net\/fbf7ad23-a253-4c5c-9338-168cf91d4814\/thumbnail.jpg\"\n\t\tyoutube=\"{&quot;noCookie&quot;:false,&quot;channelId&quot;:&quot;&quot;,&quot;show_count&quot;:false}\"\n\t\tprovider-video-id=\"\"\n\t\tvideo-id=\"270\"\n\t\t\t\tvideo-attributes='{}'\n\t\tplaysinline\t\t\t\t>\n\t\t    \n\n\t<\/presto-player>\n<\/figure>\t\t<script type=\"application\/ld+json\">{\n    \"@context\": \"https:\\\/\\\/schema.org\",\n    \"@type\": \"VideoObject\",\n    \"name\": \"Blondie-left-turn-2.mp4\",\n    \"thumbnailUrl\": \"https:\\\/\\\/vz-e9e55a90-574.b-cdn.net\\\/fbf7ad23-a253-4c5c-9338-168cf91d4814\\\/thumbnail.jpg\",\n    \"uploadDate\": \"2026-02-22T19:51:12+01:00\",\n    \"contentUrl\": \"https:\\\/\\\/vz-e9e55a90-574.b-cdn.net\\\/fbf7ad23-a253-4c5c-9338-168cf91d4814\\\/playlist.m3u8\"\n}<\/script>\n\t\t\n\n\n<p>Meine Hypothese ist, dass sie mehr Linksbiegung braucht, um fl\u00fcssig durch die Wendung zu kommen. Ohne diese Biegung kann die rechte Hinterhand nicht untertreten und Gewicht \u00fcbernehmen. Stattdessen f\u00e4llt sie auf die Schulter. Mit dem Gewicht auf der Schulter kostet es M\u00fche, dieses Bein vom Boden zu heben, weshalb sie Hals und Kopf anhebt. Sie kompensiert, um ein Bein vorw\u00e4rtszubringen, auf das ihr K\u00f6rper noch nicht vorbereitet ist.<\/p>\n\n\n\n<p>Im Moment arbeite ich deshalb an Seiteng\u00e4ngen mit Linksbiegung, vor allem Schulterherein. Die Bewegung kennt sie bereits, denn wir haben sie aufgebaut. Aber sie aufrechtzuerhalten f\u00e4llt ihr noch schwer. Im Schritt funktioniert es besser, im Trab ist es noch eine Herausforderung.<\/p>\n\n\n\n<p>Der Aufbau sieht so aus: zuerst Qualit\u00e4t im Schritt erarbeiten, dann den Trab hinzunehmen, wenn die Kapazit\u00e4t da ist. Insgesamt vermutlich Monate an Arbeit, aber ich erwarte kleine Fortschritte in jeder Lektion, wenn ich auf Qualit\u00e4t achte und in kleinen Schritten vorgehe.<\/p>\n\n\n\n<p>Was werde ich als Fortschritt feiern? Mindestens eine fl\u00fcssige, leichte Wendung nach links. Auch wenn es auf einem gro\u00dfen Zirkel ist, der einfacher ist als eine engere Wendung. Einen Moment, in dem der Rhythmus nicht bricht, das Gleichgewicht h\u00e4lt, ihr K\u00f6rper das kann, worum ich bitte.<\/p>\n\n\n\n<p>Die Frage, die mich nicht losl\u00e4sst, ist ob es ausschlie\u00dflich an ihrer Kapazit\u00e4t liegt. Braucht sie einfach mehr Zeit auf dieser Ebene, um Kraft und Geschmeidigkeit zu entwickeln? Oder liegt es an mir? Was kann ich an meinem Sitz verbessern, um ihr zu helfen?<\/p>\n\n\n\n<hr class=\"wp-block-separator has-alpha-channel-opacity\"\/>\n\n\n\n<p>If that kind of slow, uncertain, rewarding work is what you&#8217;re after \u2014 this is where it lives. <\/p>\n\n\n\n<p>Shared through email, when there&#8217;s something worth saying.<\/p>\n\n\n<div class=\"convertkit-form wp-block-convertkit-form\" style=\"\"><script async data-uid=\"61025b0e61\" src=\"https:\/\/clickertrainingpferde.kit.com\/61025b0e61\/index.js\" data-jetpack-boost=\"ignore\" data-no-defer=\"1\" nowprocket><\/script><\/div>\n\n\n\n<p><strong><em>The Integration Letters <\/em><\/strong>ist der Anfang. Eine Community folgt.<\/p>\n\n\n\n<hr class=\"wp-block-separator has-alpha-channel-opacity\"\/>\n\n\n\n<p>F\u00fcr das Pferd. F\u00fcr uns.<\/p>","protected":false},"excerpt":{"rendered":"<p>Where I Am Now Five years ago when I got Blondie, the first work was getting the joy back. She&#8217;d been started harshly as a young horse, worn a cribbing collar that caused partial facial nerve paralysis on the right side. The first years were about making training something she wanted to participate in again. &#8230; <a title=\"Join\" class=\"read-more\" href=\"https:\/\/clickertrainingpferde.com\/de\/join\/\" aria-label=\"Mehr Informationen \u00fcber Join\">Weiterlesen<\/a><\/p>","protected":false},"author":1,"featured_media":0,"parent":0,"menu_order":0,"comment_status":"closed","ping_status":"closed","template":"","meta":{"_surecart_dashboard_logo_width":"180px","_surecart_dashboard_show_logo":true,"_surecart_dashboard_navigation_orders":true,"_surecart_dashboard_navigation_invoices":true,"_surecart_dashboard_navigation_subscriptions":true,"_surecart_dashboard_navigation_downloads":true,"_surecart_dashboard_navigation_billing":true,"_surecart_dashboard_navigation_account":true,"footnotes":"","_links_to":"","_links_to_target":""},"class_list":["post-2634","page","type-page","status-publish"],"_links":{"self":[{"href":"https:\/\/clickertrainingpferde.com\/de\/wp-json\/wp\/v2\/pages\/2634","targetHints":{"allow":["GET"]}}],"collection":[{"href":"https:\/\/clickertrainingpferde.com\/de\/wp-json\/wp\/v2\/pages"}],"about":[{"href":"https:\/\/clickertrainingpferde.com\/de\/wp-json\/wp\/v2\/types\/page"}],"author":[{"embeddable":true,"href":"https:\/\/clickertrainingpferde.com\/de\/wp-json\/wp\/v2\/users\/1"}],"replies":[{"embeddable":true,"href":"https:\/\/clickertrainingpferde.com\/de\/wp-json\/wp\/v2\/comments?post=2634"}],"version-history":[{"count":25,"href":"https:\/\/clickertrainingpferde.com\/de\/wp-json\/wp\/v2\/pages\/2634\/revisions"}],"predecessor-version":[{"id":2812,"href":"https:\/\/clickertrainingpferde.com\/de\/wp-json\/wp\/v2\/pages\/2634\/revisions\/2812"}],"wp:attachment":[{"href":"https:\/\/clickertrainingpferde.com\/de\/wp-json\/wp\/v2\/media?parent=2634"}],"curies":[{"name":"wp","href":"https:\/\/api.w.org\/{rel}","templated":true}]}}