{"id":2645,"date":"2026-02-01T17:30:03","date_gmt":"2026-02-01T16:30:03","guid":{"rendered":"https:\/\/clickertrainingpferde.com\/?page_id=2645"},"modified":"2026-03-07T11:41:24","modified_gmt":"2026-03-07T10:41:24","slug":"now","status":"publish","type":"page","link":"https:\/\/clickertrainingpferde.com\/de\/now\/","title":{"rendered":"Now"},"content":{"rendered":"<h2 class=\"wp-block-heading\">Neugierig, womit ich gerade besch\u00e4ftigt bin?<\/h2>\n\n\n\n<p><em>(Neueste Arbeiten und Updates zuerst.)<\/em><\/p>\n\n\n\n<p><strong>Den Rahmen f\u00fcr eine gemeinsame Welt aufbauen<\/strong><\/p>\n\n\n\n<p>Ich verabschiede mich vom Einzelcoaching, um etwas aufzubauen, das ich mir seit Jahren w\u00fcnsche: eine digitale Welt, in der Menschen, denen <strong>The Integration <\/strong>am Herzen liegt, sich gemeinsam weiterentwickeln k\u00f6nnen.<\/p>\n\n\n\n<p><strong>Was das konkret bedeutet: <\/strong><br>Ich erschaffe den Rahmen, der diese Gemeinschaft tragen wird. <\/p>\n\n\n\n<ul class=\"wp-block-list\">\n<li><strong><em>The Integration Letters<\/em><\/strong>, wo ich teile, was ich im Stall entdecke, und durchleuchte, wie klassische Dressur und Clickertraining dieselbe Sprache sprechen und keine Gegens\u00e4tze sind.<\/li>\n\n\n\n<li><strong>Eine<\/strong> <strong>Community<\/strong> , in der Mitglieder gemeinsam an ihren eigenen Fragen und Beobachtungen arbeiten k\u00f6nnen.<\/li>\n<\/ul>\n\n\n\n<p>Die technische Infrastruktur steht. Jetzt schreibe ich die Inhalte und entwickle, wie <strong><em>The Integration Letters <\/em><\/strong>funktioniert.<\/p>\n\n\n\n<p>Die Community plane ich 2026 f\u00fcr eine kleine Gruppe zu \u00f6ffnen. Zun\u00e4chst nur auf Englisch.<\/p>\n\n\n\n<p><strong>Koppen-Projekt<\/strong><\/p>\n\n\n\n<p>Ein Manuskript ist fertiggestellt und wird an Zeitschriften eingereicht, und ein zweites ist fast fertig. Diese Arbeiten sind wichtig, weil sie verhaltensanalytische Ans\u00e4tze in die Veterin\u00e4rmedizin bringen und einen neuen Zugang zu stereotypem Verhalten vorstellen.<\/p>\n\n\n\n<p><strong>Wissenschaftliche Arbeit<\/strong><\/p>\n\n\n\n<p>Meine Arbeit konzentriert sich derzeit auf das Wohlergehen von Pferden und Eseln und die Entwicklung von Methoden zur Bewertung positiven Wohlergehens, anstatt nur die Abwesenheit von Leiden zu messen. Es stellt sich heraus, dass die Fragen, die ich im Stall stelle, und die Fragen, die ich bei der Arbeit stelle, nicht so getrennt sind, wie sie scheinen m\u00f6gen.<\/p>\n\n\n\n<p><strong>Lebenslanges Lernen<\/strong><\/p>\n\n\n\n<p>Ich lerne nat\u00fcrlich weiterhin von meinen Pferden und von meiner Feldenkrais-Lehrerin Nathalie. Es ist noch VIEL (!) Verbesserung n\u00f6tig (wie mir klar wurde, nachdem ich Anjas Feedback zu meinen Reitvideos erhalten habe).<\/p>\n\n\n\n<hr class=\"wp-block-separator has-alpha-channel-opacity\"\/>\n\n\n\n<p><em>Dies ist eine <a href=\"https:\/\/nownownow.com\/about\">Now-Seite,<\/a>ein Projekt von Derek Sivers.<\/em><br><em>Zuletzt aktualisiert: 1. Februar 2026<\/em><\/p>\n\n\n\n<p><\/p>","protected":false},"excerpt":{"rendered":"<p>Curious what I am busy doing? (Latest work and updates first.) Building the structure for a shared world I&#8217;m stepping away from one-to-one coaching to build something I&#8217;ve wanted to exist for years: a digital world where people who care about The Integration can actually develop together. What that means practically: I&#8217;m creating the structure &#8230; <a title=\"Now\" class=\"read-more\" href=\"https:\/\/clickertrainingpferde.com\/de\/now\/\" aria-label=\"Mehr Informationen \u00fcber Now\">Weiterlesen<\/a><\/p>","protected":false},"author":1,"featured_media":0,"parent":0,"menu_order":0,"comment_status":"closed","ping_status":"closed","template":"","meta":{"_surecart_dashboard_logo_width":"180px","_surecart_dashboard_show_logo":true,"_surecart_dashboard_navigation_orders":true,"_surecart_dashboard_navigation_invoices":true,"_surecart_dashboard_navigation_subscriptions":true,"_surecart_dashboard_navigation_downloads":true,"_surecart_dashboard_navigation_billing":true,"_surecart_dashboard_navigation_account":true,"footnotes":"","_links_to":"","_links_to_target":""},"class_list":["post-2645","page","type-page","status-publish"],"_links":{"self":[{"href":"https:\/\/clickertrainingpferde.com\/de\/wp-json\/wp\/v2\/pages\/2645","targetHints":{"allow":["GET"]}}],"collection":[{"href":"https:\/\/clickertrainingpferde.com\/de\/wp-json\/wp\/v2\/pages"}],"about":[{"href":"https:\/\/clickertrainingpferde.com\/de\/wp-json\/wp\/v2\/types\/page"}],"author":[{"embeddable":true,"href":"https:\/\/clickertrainingpferde.com\/de\/wp-json\/wp\/v2\/users\/1"}],"replies":[{"embeddable":true,"href":"https:\/\/clickertrainingpferde.com\/de\/wp-json\/wp\/v2\/comments?post=2645"}],"version-history":[{"count":10,"href":"https:\/\/clickertrainingpferde.com\/de\/wp-json\/wp\/v2\/pages\/2645\/revisions"}],"predecessor-version":[{"id":2762,"href":"https:\/\/clickertrainingpferde.com\/de\/wp-json\/wp\/v2\/pages\/2645\/revisions\/2762"}],"wp:attachment":[{"href":"https:\/\/clickertrainingpferde.com\/de\/wp-json\/wp\/v2\/media?parent=2645"}],"curies":[{"name":"wp","href":"https:\/\/api.w.org\/{rel}","templated":true}]}}