{"id":474,"date":"2021-09-22T14:50:52","date_gmt":"2021-09-22T12:50:52","guid":{"rendered":"https:\/\/www.clickertraining-pferde.com\/?page_id=474"},"modified":"2025-07-06T17:18:10","modified_gmt":"2025-07-06T15:18:10","slug":"online-kurs","status":"publish","type":"page","link":"https:\/\/clickertrainingpferde.com\/de\/online-kurs\/","title":{"rendered":"Online Kurs"},"content":{"rendered":"<p>Lerne mit dem Clickertraining Online Kurs, wie du Schritt-f\u00fcr-Schritt deine Trainingsziele erreichst, Probleme l\u00f6st und Spa\u00df mit deinem Pferd hast.<\/p>\n\n\n<div class=\"gb-grid-wrapper gb-grid-wrapper-368b0e3f\">\n<div class=\"gb-grid-column gb-grid-column-5b8bbb9a\"><div class=\"gb-container gb-container-5b8bbb9a\">\n\n<figure class=\"wp-block-image size-full\"><img loading=\"lazy\" decoding=\"async\" width=\"121\" height=\"121\" src=\"https:\/\/clickertrainingpferde.de\/wp-content\/uploads\/2021\/09\/logo-no-background-small.png\" alt=\"\" class=\"wp-image-441\"\/><\/figure>\n\n<\/div><\/div>\n\n<div class=\"gb-grid-column gb-grid-column-28e906ab\"><div class=\"gb-container gb-container-28e906ab\">\n\n<ul class=\"wp-block-list\">\n<li>Lerne, wie du dein Pferd systematisch und selbst\u00e4ndig mit Clickertraining ausbilden kannst<\/li>\n\n\n\n<li>Mit viel Spa\u00df f\u00fcr dich und dein Pferd ohne Zwang oder Stress<\/li>\n\n\n\n<li>Werde Teil einer wachsenden Clickertraining Community<\/li>\n<\/ul>\n\n<\/div><\/div>\n<\/div>\n\n\n<h2 class=\"wp-block-heading\">Kennst du folgende Herausforderungen?<\/h2>\n\n\n\n<ul class=\"wp-block-list\">\n<li>Dein Pferd ist unmotiviert und das Training macht einfach keinen Spa\u00df?<\/li>\n\n\n\n<li>Dein Pferd zeigt Problemverhalten, du bist frustriert und wei\u00dft nicht weiter?<\/li>\n\n\n\n<li>Andere reden dir ein, du m\u00fcsstest \u201ch\u00e4rter durchgreifen\u201d aber du m\u00f6chtest eine harmonische Beziehung mit deinem Pferd?<\/li>\n<\/ul>\n\n\n\n<p><strong>Clickertraining bringt den Spa\u00df zur\u00fcck ins Training!<\/strong><\/p>\n\n\n<div class=\"gb-grid-wrapper gb-grid-wrapper-920eba27\">\n<div class=\"gb-grid-column gb-grid-column-cfae4c21\"><div class=\"gb-container gb-container-cfae4c21\">\n\n<figure class=\"wp-block-image size-large\"><img loading=\"lazy\" decoding=\"async\" width=\"1024\" height=\"768\" src=\"https:\/\/clickertrainingpferde.de\/wp-content\/uploads\/2021\/09\/MH-F-1024x768.png\" alt=\"\" class=\"wp-image-445\" srcset=\"https:\/\/clickertrainingpferde.com\/wp-content\/uploads\/2021\/09\/MH-F-1024x768.png 1024w, https:\/\/clickertrainingpferde.com\/wp-content\/uploads\/2021\/09\/MH-F-300x225.png 300w, https:\/\/clickertrainingpferde.com\/wp-content\/uploads\/2021\/09\/MH-F-768x576.png 768w, https:\/\/clickertrainingpferde.com\/wp-content\/uploads\/2021\/09\/MH-F-1536x1152.png 1536w, https:\/\/clickertrainingpferde.com\/wp-content\/uploads\/2021\/09\/MH-F.png 1632w\" sizes=\"auto, (max-width: 1024px) 100vw, 1024px\" \/><\/figure>\n\n<\/div><\/div>\n\n<div class=\"gb-grid-column gb-grid-column-3f69be06\"><div class=\"gb-container gb-container-3f69be06\">\n\n<ul class=\"wp-block-list\">\n<li>Hab wieder Spa\u00df am Training. Mit Clickertraining wird dein Pferd von der ersten Lektion an motiviert mitmachen.<\/li>\n\n\n\n<li>Du bist die beste Trainerin f\u00fcr dein Pferd. Bilde dein Pferd selbstst\u00e4ndig aus und lerne Probleme zu l\u00f6sen.<\/li>\n\n\n\n<li>Durch diesen Prozess entwickelst du eine zauberhafte Beziehung mit deinem Pferd, um die dich viele beneiden werden.<\/li>\n\n\n\n<li>Du bist nicht allein! Werde Teil einer engagierten und hilfreichen Community.<\/li>\n<\/ul>\n\n<\/div><\/div>\n<\/div>\n\n\n<p><strong>Mit dem Clickertraning Online Kurs erreichst du deine Ziele Schritt f\u00fcr Schritt.<\/strong><\/p>\n\n\n\n<p>Wir verstehen, dass es schwierig sein kann, alleine eine neue Methode zu lernen. Wir m\u00f6chten, dass du erfolgreich bist und unterst\u00fctzen dich bei dieser Lernerfahrung.<\/p>\n\n\n<div class=\"gb-container gb-container-0691733a\">\n\n<div class=\"wp-block-group\"><div class=\"wp-block-group__inner-container is-layout-constrained wp-block-group-is-layout-constrained\">\n<div class=\"wp-block-columns is-layout-flex wp-container-core-columns-is-layout-28f84493 wp-block-columns-is-layout-flex\">\n<div class=\"wp-block-column is-layout-flow wp-block-column-is-layout-flow\" style=\"flex-basis:100%\"><div class=\"gb-grid-wrapper gb-grid-wrapper-1a5084e6\">\n<div class=\"gb-grid-column gb-grid-column-9a0a875b\"><div class=\"gb-container gb-container-9a0a875b\">\n<div class=\"wp-block-image\">\n<figure class=\"aligncenter size-full is-resized\"><img loading=\"lazy\" decoding=\"async\" width=\"350\" height=\"360\" src=\"https:\/\/clickertrainingpferde.de\/wp-content\/uploads\/2021\/09\/Alex-and-Panda.png\" alt=\"Alexandra Kurland and Panda, clicker trained guide for the blind\" class=\"wp-image-419\" style=\"width:194px;height:auto\" srcset=\"https:\/\/clickertrainingpferde.com\/wp-content\/uploads\/2021\/09\/Alex-and-Panda.png 350w, https:\/\/clickertrainingpferde.com\/wp-content\/uploads\/2021\/09\/Alex-and-Panda-292x300.png 292w\" sizes=\"auto, (max-width: 350px) 100vw, 350px\" \/><\/figure><\/div>\n<\/div><\/div>\n\n<div class=\"gb-grid-column gb-grid-column-a70e34b5\"><div class=\"gb-container gb-container-a70e34b5\">\n\n<p>Der Kurs wurde entwickelt von <strong>Alexandra Kurland,<\/strong> Pionierin des Clickertrainings f\u00fcr Pferde, die bereits unz\u00e4hlige Clickertrainer zum Erfolg gef\u00fchrt hat<\/p>\n\n<\/div><\/div>\n<\/div><\/div>\n<\/div>\n\n\n<div class=\"gb-grid-wrapper gb-grid-wrapper-b7b552e1\">\n<div class=\"gb-grid-column gb-grid-column-0716b23b\"><div class=\"gb-container gb-container-0716b23b\">\n\n<p>Auf Deutsch herausgegeben von <strong>Michaela Hempen<\/strong>, langj\u00e4hrige Sch\u00fclerin und Online Coach von Alexandra Kurland, die dich pers\u00f6nlich bei diesem Kurs begleiten wird.<\/p>\n\n<\/div><\/div>\n\n<div class=\"gb-grid-column gb-grid-column-a7e30876\"><div class=\"gb-container gb-container-a7e30876\">\n<div class=\"wp-block-image\">\n<figure class=\"aligncenter size-full is-resized\"><img loading=\"lazy\" decoding=\"async\" width=\"992\" height=\"662\" src=\"https:\/\/clickertrainingpferde.de\/wp-content\/uploads\/2021\/09\/Michaela-Hempen-profile.jpg\" alt=\"Michaela Hempen profile\" class=\"wp-image-437\" style=\"width:273px;height:auto\" srcset=\"https:\/\/clickertrainingpferde.com\/wp-content\/uploads\/2021\/09\/Michaela-Hempen-profile.jpg 992w, https:\/\/clickertrainingpferde.com\/wp-content\/uploads\/2021\/09\/Michaela-Hempen-profile-300x200.jpg 300w, https:\/\/clickertrainingpferde.com\/wp-content\/uploads\/2021\/09\/Michaela-Hempen-profile-768x513.jpg 768w\" sizes=\"auto, (max-width: 992px) 100vw, 992px\" \/><\/figure><\/div>\n<\/div><\/div>\n<\/div><\/div><\/div>\n\n<\/div>\n\n\n<h2 class=\"wp-block-heading\">Ist der Online Kurs das Richtige f\u00fcr mich?<\/h2>\n\n\n\n<p>Es ist ohne Frage hilfreich eine gute Clickertrainerin vor Ort zu haben aber oft nicht m\u00f6glich. Mit dem Online Kurs kannst du selbstst\u00e4ndig mit deinem Pferd arbeiten. Der Kurs enth\u00e4lt knapp 200 Videos, die dir genau zeigen wie es aussehen soll, und falls trotzdem Schwierigkeiten auftreten sollten, dann hilft dir Online Coaching. Dein Coach analysiert dein Trainingsvideo und beantwortet deine Fragen.<\/p>\n\n\n\n<p>Die meisten, die mit Clickertraining beginnen, f\u00fchlen sich isoliert und alleingelassen, bel\u00e4chelt oder sogar kritisiert. Durch den Austausch mit anderen Kursteilnehmerinnen wirst du Teil einer engagierten Community, die dir mit Rat und Tat zur Seite steht. Und vielleicht triffst du sogar eine Clickertrainerin in deiner N\u00e4he.<\/p>\n\n\n\n<p>Der Kurs ist gemacht f\u00fcr Clickertraining Neulinge. Du bekommst detaillierte Anweisungen wie du auch ohne Vorkenntnisse mit deinem Pferd beginnst. Aber auch Fortgeschrittene profitieren von dem Kurs, denn genau diese Details werden zum Teil erst in einer zweiten Runde ersichtlich. Der Kurs wird dir auch viele Tipps geben, wie du andere, die gerade erst beginnen, unterrichten kannst.<\/p>\n\n\n\n<p>Der Preis von \u20ac 450 scheint auf den ersten Blick vielleicht hochpreisig, doch wenn du es genauer betrachtest, ist er es nicht. Mit dem Kursmaterial bist du locker 6 bis 12 Monate besch\u00e4ftigt. Du w\u00fcrdest ungef\u00e4hr dasselbe f\u00fcr einen Wochenend-Live-Workshop bezahlen und h\u00e4ttest bei weitem nicht so viel davon. Der Kurs behandelt alle Grundlagenlektionen, die du niemals an einem Wochenende lernen k\u00f6nntest. <\/p>\n\n\n\n<h4 class=\"wp-block-heading\">Beginne jetzt und werde die beste Trainerin f\u00fcr dein Pferd!<\/h4>\n\n\n<div class=\"gb-grid-wrapper gb-grid-wrapper-e7686ebd\">\n<div class=\"gb-grid-column gb-grid-column-0971f190\"><div class=\"gb-container gb-container-0971f190\">\n<div class=\"wp-block-image\">\n<figure class=\"alignleft size-large\"><img loading=\"lazy\" decoding=\"async\" width=\"1024\" height=\"767\" src=\"https:\/\/clickertrainingpferde.de\/wp-content\/uploads\/2021\/08\/MH-D-1-1024x767.png\" alt=\"\" class=\"wp-image-442\" srcset=\"https:\/\/clickertrainingpferde.com\/wp-content\/uploads\/2021\/08\/MH-D-1-1024x767.png 1024w, https:\/\/clickertrainingpferde.com\/wp-content\/uploads\/2021\/08\/MH-D-1-300x225.png 300w, https:\/\/clickertrainingpferde.com\/wp-content\/uploads\/2021\/08\/MH-D-1-768x575.png 768w, https:\/\/clickertrainingpferde.com\/wp-content\/uploads\/2021\/08\/MH-D-1-1536x1151.png 1536w, https:\/\/clickertrainingpferde.com\/wp-content\/uploads\/2021\/08\/MH-D-1.png 1607w\" sizes=\"auto, (max-width: 1024px) 100vw, 1024px\" \/><\/figure><\/div>\n<\/div><\/div>\n\n<div class=\"gb-grid-column gb-grid-column-a9a52aeb\"><div class=\"gb-container gb-container-a9a52aeb\">\n\n<p>Mit der erfolgreichen Anmeldung bekommst du sofort Zugang zum Kursmaterial und dem Mitgliederforum f\u00fcr 12 Monate.<\/p>\n\n\n\n<a class=\"gb-button gb-button-aebe5ce3 gb-button-text\" href=\"https:\/\/clickertrainingpferde.com\/de\/buy\/online-kurs\/\">Anmeldung zum Online Kurs<\/a>\n\n<\/div><\/div>\n<\/div>","protected":false},"excerpt":{"rendered":"<p>Lerne mit dem Clickertraining Online Kurs, wie du Schritt-f\u00fcr-Schritt deine Trainingsziele erreichst, Probleme l\u00f6st und Spa\u00df mit deinem Pferd hast. Kennst du folgende Herausforderungen? Clickertraining bringt den Spa\u00df zur\u00fcck ins Training! Mit dem Clickertraning Online Kurs erreichst du deine Ziele Schritt f\u00fcr Schritt. Wir verstehen, dass es schwierig sein kann, alleine eine neue Methode zu &#8230; <a title=\"Online Kurs\" class=\"read-more\" href=\"https:\/\/clickertrainingpferde.com\/de\/online-kurs\/\" aria-label=\"Mehr Informationen \u00fcber Online Kurs\">Weiterlesen<\/a><\/p>","protected":false},"author":1,"featured_media":0,"parent":0,"menu_order":0,"comment_status":"closed","ping_status":"closed","template":"","meta":{"_surecart_dashboard_logo_width":"180px","_surecart_dashboard_show_logo":true,"_surecart_dashboard_navigation_orders":true,"_surecart_dashboard_navigation_invoices":true,"_surecart_dashboard_navigation_subscriptions":true,"_surecart_dashboard_navigation_downloads":true,"_surecart_dashboard_navigation_billing":true,"_surecart_dashboard_navigation_account":true,"_wp_convertkit_post_meta":{"form":"-1","landing_page":"0","tag":"0","restrict_content":"0"},"footnotes":"","_links_to":"","_links_to_target":""},"class_list":["post-474","page","type-page","status-publish"],"_links":{"self":[{"href":"https:\/\/clickertrainingpferde.com\/de\/wp-json\/wp\/v2\/pages\/474","targetHints":{"allow":["GET"]}}],"collection":[{"href":"https:\/\/clickertrainingpferde.com\/de\/wp-json\/wp\/v2\/pages"}],"about":[{"href":"https:\/\/clickertrainingpferde.com\/de\/wp-json\/wp\/v2\/types\/page"}],"author":[{"embeddable":true,"href":"https:\/\/clickertrainingpferde.com\/de\/wp-json\/wp\/v2\/users\/1"}],"replies":[{"embeddable":true,"href":"https:\/\/clickertrainingpferde.com\/de\/wp-json\/wp\/v2\/comments?post=474"}],"version-history":[{"count":5,"href":"https:\/\/clickertrainingpferde.com\/de\/wp-json\/wp\/v2\/pages\/474\/revisions"}],"predecessor-version":[{"id":2054,"href":"https:\/\/clickertrainingpferde.com\/de\/wp-json\/wp\/v2\/pages\/474\/revisions\/2054"}],"wp:attachment":[{"href":"https:\/\/clickertrainingpferde.com\/de\/wp-json\/wp\/v2\/media?parent=474"}],"curies":[{"name":"wp","href":"https:\/\/api.w.org\/{rel}","templated":true}]}}