{"id":962,"date":"2022-01-08T16:12:38","date_gmt":"2022-01-08T15:12:38","guid":{"rendered":"https:\/\/nckbsli07h.onrocket.site\/?page_id=962"},"modified":"2026-03-06T12:05:27","modified_gmt":"2026-03-06T11:05:27","slug":"page-3","status":"publish","type":"page","link":"https:\/\/clickertrainingpferde.com\/de\/magical-relationships\/page-3\/","title":{"rendered":"Shaping und Fading"},"content":{"rendered":"<div class=\"gb-container gb-container-ed6add47\">\n\n<p>Wir fassen kurz zusammen, was wir bisher behandelt haben.<\/p>\n\n\n\n<p>In Frage 1 beschreiben wir unser Zielverhalten. In Frage 2 bestimmen wir unseren Ausgangspunkt und in Frage 3 entwickeln wir unseren Trainingsplan, um das in Schritt 1 beschriebene Verhalten zu entwickeln.<\/p>\n\n\n\n<p>Auf der vorherigen Seite haben wir \u00fcber Shaping und Fading gesprochen.<\/p>\n\n\n\n<p class=\"translation-block\">Beim SHAPING wird das Verhalten in mehreren Schritten vermittelt, anstatt zu erwarten, dass der Lernende das gesamte Verhalten auf einmal ausf\u00fchrt.<\/p>\n\n\n\n<p class=\"translation-block\">FADING habe ich nicht erw\u00e4hnt, aber ich habe das \"\u00dcbertragen von Handlungen\" eingef\u00fchrt, das ist die Terminologie, die in PORTL verwendet wird.<\/p>\n\n\n\n<p><strong>Was ist der Unterschied zwischen Shaping und Fading?<\/strong><\/p>\n\n\n\n<p>Auf den ersten Blick ist der Unterschied vielleicht nicht offensichtlich, weil wir im Training oft beide gleichzeitig verwenden, ohne es zu wissen.<\/p>\n\n\n\n<p>Durch das Koppen-Projekt habe ich angefangen zu verstehen, was der Unterschied zwischen Shaping und Fading ist und warum er f\u00fcr das Training so wichtig ist.<\/p>\n\n\n\n<p class=\"translation-block\">Der Unterschied zwischen Shaping und Fading besteht darin, dass Shaping die allm\u00e4hliche Ver\u00e4nderung und Entwicklung eines Verhaltens beinhaltet, w\u00e4hrend der Stimulus mehr oder weniger gleich bleibt, w\u00e4hrend Fading die allm\u00e4hliche oder vollst\u00e4ndige Ver\u00e4nderung eines Stimulus beinhaltet, w\u00e4hrend das Verhalten mehr oder weniger gleich bleibt.<\/p>\n\n\n\n<p class=\"translation-block\">Ich gebe dir zwei Beispiele. Du hast diese Videos schon einmal gesehen, aber jetzt werden wir sie aus einem anderen Blickwinkel betrachten.<\/p>\n\n\n\n<p>Im Halftertrainingsvideo baue ich das Zielverhalten \"Nase ins Halfter stecken und Halsriemen \u00fcber die Ohren ziehen\" auf, indem ich sukzessive Ann\u00e4herungen an das Zielverhalten verst\u00e4rke. Das Verhalten \u00e4ndert sich in kleinen Schritten, w\u00e4hrend die Umgebung gleich bleibt.<\/p>\n\n\n<!--presto-player:video_id=178--><figure class=\"wp-block-video presto-block-video  presto-provider-bunny\" style=\"--plyr-color-main: var(--presto-player-highlight-color, #70c1b3); --plyr-captions-background: #000000; --presto-player-logo-width: 150px; \">\n\t<presto-player \n\t\tpreset='{&quot;id&quot;:6,&quot;name&quot;:&quot;My preset&quot;,&quot;slug&quot;:&quot;my-preset&quot;,&quot;icon&quot;:&quot;&quot;,&quot;skin&quot;:&quot;modern&quot;,&quot;play-large&quot;:true,&quot;rewind&quot;:true,&quot;play&quot;:true,&quot;fast-forward&quot;:true,&quot;progress&quot;:true,&quot;current-time&quot;:true,&quot;mute&quot;:true,&quot;volume&quot;:true,&quot;speed&quot;:false,&quot;pip&quot;:false,&quot;fullscreen&quot;:true,&quot;captions&quot;:false,&quot;reset_on_end&quot;:false,&quot;auto_hide&quot;:true,&quot;show_time_elapsed&quot;:false,&quot;captions_enabled&quot;:false,&quot;save_player_position&quot;:true,&quot;sticky_scroll&quot;:false,&quot;sticky_scroll_position&quot;:&quot;&quot;,&quot;on_video_end&quot;:&quot;&quot;,&quot;play_video_viewport&quot;:false,&quot;hide_youtube&quot;:false,&quot;lazy_load_youtube&quot;:false,&quot;hide_logo&quot;:false,&quot;border_radius&quot;:0,&quot;caption_style&quot;:&quot;default&quot;,&quot;caption_background&quot;:&quot;#000000&quot;,&quot;is_locked&quot;:false,&quot;cta&quot;:{&quot;enabled&quot;:false,&quot;percentage&quot;:100,&quot;show_rewatch&quot;:true,&quot;show_skip&quot;:true,&quot;headline&quot;:&quot;&quot;,&quot;bottom_text&quot;:&quot;&quot;,&quot;show_button&quot;:true,&quot;button_text&quot;:&quot;&quot;,&quot;button_color&quot;:&quot;&quot;,&quot;button_text_color&quot;:&quot;&quot;,&quot;background_opacity&quot;:0,&quot;button_link&quot;:{&quot;id&quot;:&quot;&quot;,&quot;url&quot;:&quot;&quot;,&quot;type&quot;:&quot;&quot;,&quot;opensInNewTab&quot;:false},&quot;button_radius&quot;:0},&quot;watermark&quot;:{&quot;enabled&quot;:false,&quot;text&quot;:&quot;&quot;,&quot;backgroundColor&quot;:&quot;&quot;,&quot;color&quot;:&quot;&quot;,&quot;opacity&quot;:0,&quot;position&quot;:&quot;&quot;},&quot;search&quot;:{&quot;enabled&quot;:false,&quot;minMatchCharLength&quot;:1,&quot;threshold&quot;:0.3,&quot;placeholder&quot;:&quot;Search&quot;},&quot;email_collection&quot;:{&quot;enabled&quot;:false,&quot;behavior&quot;:&quot;pause&quot;,&quot;percentage&quot;:0,&quot;allow_skip&quot;:false,&quot;provider&quot;:&quot;&quot;,&quot;provider_list&quot;:&quot;&quot;,&quot;provider_tag&quot;:&quot;&quot;,&quot;border_radius&quot;:0,&quot;headline&quot;:&quot;&quot;,&quot;bottom_text&quot;:&quot;&quot;,&quot;button_text&quot;:&quot;&quot;,&quot;button_color&quot;:&quot;&quot;,&quot;button_text_color&quot;:&quot;&quot;},&quot;action_bar&quot;:{&quot;enabled&quot;:false,&quot;percentage_start&quot;:0,&quot;text&quot;:&quot;&quot;,&quot;background_color&quot;:&quot;&quot;,&quot;button_type&quot;:&quot;none&quot;,&quot;button_count&quot;:false,&quot;button_text&quot;:&quot;&quot;,&quot;button_radius&quot;:0,&quot;button_color&quot;:&quot;&quot;,&quot;button_text_color&quot;:&quot;&quot;,&quot;button_link&quot;:{&quot;id&quot;:&quot;&quot;,&quot;url&quot;:&quot;&quot;,&quot;type&quot;:&quot;&quot;,&quot;opensInNewTab&quot;:false}},&quot;created_by&quot;:1,&quot;created_at&quot;:&quot;2025-11-24 19:11:04&quot;,&quot;updated_at&quot;:&quot;2025-11-26 21:01:13&quot;,&quot;deleted_at&quot;:&quot;&quot;}'\n\t\tbranding='{&quot;logo&quot;:&quot;&quot;,&quot;color&quot;:&quot;#70c1b3&quot;,&quot;logo_width&quot;:150,&quot;player_css&quot;:&quot;&quot;}'\n\t\tchapters='[]'\n\t\toverlays='[]'\n\t\ttracks='[]'\n\t\tblock-attributes='{&quot;playsInline&quot;:true,&quot;id&quot;:178,&quot;src&quot;:&quot;https:\\\/\\\/vz-e9e55a90-574.b-cdn.net\\\/21d25c37-621c-4016-9308-4f4771095633\\\/playlist.m3u8&quot;,&quot;preset&quot;:6,&quot;thumbnail&quot;:&quot;https:\\\/\\\/vz-e9e55a90-574.b-cdn.net\\\/21d25c37-621c-4016-9308-4f4771095633\\\/thumbnail.jpg&quot;,&quot;preview&quot;:&quot;https:\\\/\\\/vz-e9e55a90-574.b-cdn.net\\\/21d25c37-621c-4016-9308-4f4771095633\\\/preview.webp&quot;,&quot;gbBlockCondition&quot;:&quot;&quot;,&quot;gbBlockConditionInvert&quot;:false,&quot;TrpContentRestriction&quot;:{&quot;restriction_type&quot;:&quot;exclude&quot;,&quot;selected_languages&quot;:[],&quot;panel_open&quot;:true},&quot;title&quot;:&quot;blondie_halter_training_v1-720p.mp4&quot;}'\n\t\tanalytics=''\n\t\tautomations\t\tprovider='bunny'\n\t\t\t\tid=\"presto-player-1\"\n\t\tsrc=\"https:\/\/vz-e9e55a90-574.b-cdn.net\/21d25c37-621c-4016-9308-4f4771095633\/playlist.m3u8\"\n\t\tmedia-title=\"blondie_halter_training_v1-720p.mp4\"\n\t\tcss=\"\"\n\t\tclass=\"presto-video-id-178 presto-preset-id-6 skin-modern caption-style-default\"\n\t\tskin=\"modern\" \n\t\ticon-url=\"https:\/\/clickertrainingpferde.com\/wp-content\/plugins\/presto-player\/img\/sprite.svg\" \n\t\tpreload=\"\" \n\t\tposter=\"https:\/\/vz-e9e55a90-574.b-cdn.net\/21d25c37-621c-4016-9308-4f4771095633\/thumbnail.jpg\"\n\t\tyoutube=\"{&quot;noCookie&quot;:false,&quot;channelId&quot;:&quot;&quot;,&quot;show_count&quot;:false}\"\n\t\tprovider-video-id=\"\"\n\t\tvideo-id=\"178\"\n\t\t\t\tvideo-attributes='{}'\n\t\tplaysinline\t\t\t\t>\n\t\t    \n\n\t<\/presto-player>\n<\/figure>\t\t<script type=\"application\/ld+json\">{\n    \"@context\": \"https:\\\/\\\/schema.org\",\n    \"@type\": \"VideoObject\",\n    \"name\": \"blondie_halter_training_v1-720p.mp4\",\n    \"thumbnailUrl\": \"https:\\\/\\\/vz-e9e55a90-574.b-cdn.net\\\/21d25c37-621c-4016-9308-4f4771095633\\\/thumbnail.jpg\",\n    \"uploadDate\": \"2025-12-06T11:26:31+01:00\",\n    \"contentUrl\": \"https:\\\/\\\/vz-e9e55a90-574.b-cdn.net\\\/21d25c37-621c-4016-9308-4f4771095633\\\/playlist.m3u8\"\n}<\/script>\n\t\t\n\n\n<p>In dem Video \u00fcber das Training mit dem Zaumzeug habe ich ein Verhalten verwendet, das zuvor durch Shaping trainiert wurde. Dieses Verhalten \"Gegenstand im Maul halten\" bleibt gleich, w\u00e4hrend ich zuerst das bekannte Spielzeug pr\u00e4sentiere und dann verschiedene Gegenst\u00e4nde in Richtung Ziel \"einblende\".<\/p>\n\n\n<!--presto-player:video_id=180--><figure class=\"wp-block-video presto-block-video  presto-provider-bunny\" style=\"--plyr-color-main: var(--presto-player-highlight-color, #70c1b3); --plyr-captions-background: #000000; --presto-player-logo-width: 150px; \">\n\t<presto-player \n\t\tpreset='{&quot;id&quot;:6,&quot;name&quot;:&quot;My preset&quot;,&quot;slug&quot;:&quot;my-preset&quot;,&quot;icon&quot;:&quot;&quot;,&quot;skin&quot;:&quot;modern&quot;,&quot;play-large&quot;:true,&quot;rewind&quot;:true,&quot;play&quot;:true,&quot;fast-forward&quot;:true,&quot;progress&quot;:true,&quot;current-time&quot;:true,&quot;mute&quot;:true,&quot;volume&quot;:true,&quot;speed&quot;:false,&quot;pip&quot;:false,&quot;fullscreen&quot;:true,&quot;captions&quot;:false,&quot;reset_on_end&quot;:false,&quot;auto_hide&quot;:true,&quot;show_time_elapsed&quot;:false,&quot;captions_enabled&quot;:false,&quot;save_player_position&quot;:true,&quot;sticky_scroll&quot;:false,&quot;sticky_scroll_position&quot;:&quot;&quot;,&quot;on_video_end&quot;:&quot;&quot;,&quot;play_video_viewport&quot;:false,&quot;hide_youtube&quot;:false,&quot;lazy_load_youtube&quot;:false,&quot;hide_logo&quot;:false,&quot;border_radius&quot;:0,&quot;caption_style&quot;:&quot;default&quot;,&quot;caption_background&quot;:&quot;#000000&quot;,&quot;is_locked&quot;:false,&quot;cta&quot;:{&quot;enabled&quot;:false,&quot;percentage&quot;:100,&quot;show_rewatch&quot;:true,&quot;show_skip&quot;:true,&quot;headline&quot;:&quot;&quot;,&quot;bottom_text&quot;:&quot;&quot;,&quot;show_button&quot;:true,&quot;button_text&quot;:&quot;&quot;,&quot;button_color&quot;:&quot;&quot;,&quot;button_text_color&quot;:&quot;&quot;,&quot;background_opacity&quot;:0,&quot;button_link&quot;:{&quot;id&quot;:&quot;&quot;,&quot;url&quot;:&quot;&quot;,&quot;type&quot;:&quot;&quot;,&quot;opensInNewTab&quot;:false},&quot;button_radius&quot;:0},&quot;watermark&quot;:{&quot;enabled&quot;:false,&quot;text&quot;:&quot;&quot;,&quot;backgroundColor&quot;:&quot;&quot;,&quot;color&quot;:&quot;&quot;,&quot;opacity&quot;:0,&quot;position&quot;:&quot;&quot;},&quot;search&quot;:{&quot;enabled&quot;:false,&quot;minMatchCharLength&quot;:1,&quot;threshold&quot;:0.3,&quot;placeholder&quot;:&quot;Search&quot;},&quot;email_collection&quot;:{&quot;enabled&quot;:false,&quot;behavior&quot;:&quot;pause&quot;,&quot;percentage&quot;:0,&quot;allow_skip&quot;:false,&quot;provider&quot;:&quot;&quot;,&quot;provider_list&quot;:&quot;&quot;,&quot;provider_tag&quot;:&quot;&quot;,&quot;border_radius&quot;:0,&quot;headline&quot;:&quot;&quot;,&quot;bottom_text&quot;:&quot;&quot;,&quot;button_text&quot;:&quot;&quot;,&quot;button_color&quot;:&quot;&quot;,&quot;button_text_color&quot;:&quot;&quot;},&quot;action_bar&quot;:{&quot;enabled&quot;:false,&quot;percentage_start&quot;:0,&quot;text&quot;:&quot;&quot;,&quot;background_color&quot;:&quot;&quot;,&quot;button_type&quot;:&quot;none&quot;,&quot;button_count&quot;:false,&quot;button_text&quot;:&quot;&quot;,&quot;button_radius&quot;:0,&quot;button_color&quot;:&quot;&quot;,&quot;button_text_color&quot;:&quot;&quot;,&quot;button_link&quot;:{&quot;id&quot;:&quot;&quot;,&quot;url&quot;:&quot;&quot;,&quot;type&quot;:&quot;&quot;,&quot;opensInNewTab&quot;:false}},&quot;created_by&quot;:1,&quot;created_at&quot;:&quot;2025-11-24 19:11:04&quot;,&quot;updated_at&quot;:&quot;2025-11-26 21:01:13&quot;,&quot;deleted_at&quot;:&quot;&quot;}'\n\t\tbranding='{&quot;logo&quot;:&quot;&quot;,&quot;color&quot;:&quot;#70c1b3&quot;,&quot;logo_width&quot;:150,&quot;player_css&quot;:&quot;&quot;}'\n\t\tchapters='[]'\n\t\toverlays='[]'\n\t\ttracks='[]'\n\t\tblock-attributes='{&quot;playsInline&quot;:true,&quot;id&quot;:180,&quot;src&quot;:&quot;https:\\\/\\\/vz-e9e55a90-574.b-cdn.net\\\/abc56e31-124a-44e0-b16b-9db0611cc323\\\/playlist.m3u8&quot;,&quot;poster&quot;:&quot;https:\\\/\\\/clickertrainingpferde.com\\\/wp-content\\\/uploads\\\/2025\\\/12\\\/Transferring-action-bridle.png&quot;,&quot;preset&quot;:6,&quot;thumbnail&quot;:&quot;https:\\\/\\\/vz-e9e55a90-574.b-cdn.net\\\/abc56e31-124a-44e0-b16b-9db0611cc323\\\/thumbnail.jpg&quot;,&quot;preview&quot;:&quot;https:\\\/\\\/vz-e9e55a90-574.b-cdn.net\\\/abc56e31-124a-44e0-b16b-9db0611cc323\\\/preview.webp&quot;,&quot;gbBlockCondition&quot;:&quot;&quot;,&quot;gbBlockConditionInvert&quot;:false,&quot;TrpContentRestriction&quot;:{&quot;restriction_type&quot;:&quot;exclude&quot;,&quot;selected_languages&quot;:[],&quot;panel_open&quot;:true},&quot;title&quot;:&quot;Transferring-actions.mp4&quot;}'\n\t\tanalytics=''\n\t\tautomations\t\tprovider='bunny'\n\t\t\t\tid=\"presto-player-2\"\n\t\tsrc=\"https:\/\/vz-e9e55a90-574.b-cdn.net\/abc56e31-124a-44e0-b16b-9db0611cc323\/playlist.m3u8\"\n\t\tmedia-title=\"Transferring-actions.mp4\"\n\t\tcss=\"\"\n\t\tclass=\"presto-video-id-180 presto-preset-id-6 skin-modern caption-style-default\"\n\t\tskin=\"modern\" \n\t\ticon-url=\"https:\/\/clickertrainingpferde.com\/wp-content\/plugins\/presto-player\/img\/sprite.svg\" \n\t\tpreload=\"\" \n\t\tposter=\"https:\/\/clickertrainingpferde.com\/wp-content\/uploads\/2025\/12\/Transferring-action-bridle.png\"\n\t\tyoutube=\"{&quot;noCookie&quot;:false,&quot;channelId&quot;:&quot;&quot;,&quot;show_count&quot;:false}\"\n\t\tprovider-video-id=\"\"\n\t\tvideo-id=\"180\"\n\t\t\t\tvideo-attributes='{}'\n\t\tplaysinline\t\t\t\t>\n\t\t    \n\n\t<\/presto-player>\n<\/figure>\t\t<script type=\"application\/ld+json\">{\n    \"@context\": \"https:\\\/\\\/schema.org\",\n    \"@type\": \"VideoObject\",\n    \"name\": \"Transferring-actions.mp4\",\n    \"thumbnailUrl\": \"https:\\\/\\\/clickertrainingpferde.com\\\/wp-content\\\/uploads\\\/2025\\\/12\\\/Transferring-action-bridle.png\",\n    \"uploadDate\": \"2025-12-06T11:39:54+01:00\",\n    \"contentUrl\": \"https:\\\/\\\/vz-e9e55a90-574.b-cdn.net\\\/abc56e31-124a-44e0-b16b-9db0611cc323\\\/playlist.m3u8\"\n}<\/script>\n\t\t\n\n\n<p>Siehst du den Unterschied? Beim Shaping \u00e4ndert sich das Verhalten, w\u00e4hrend die Umgebung konstant bleibt, w\u00e4hrend beim Fading das Verhalten konstant bleibt und die Umgebung sich \u00e4ndert.<\/p>\n\n\n\n<p>In der praktischen Ausbildung werden diese beiden Konzepte oft vermischt. F\u00fcr den Lernenden ist es jedoch einfacher, jeweils nur EIN Element zu ver\u00e4ndern.<\/p>\n\n\n\n<p>Ich gehe jetzt systematischer vor, indem ich zuerst ein Verhalten aufbaue und dann nach und nach die Umgebung ver\u00e4ndere, um das sorgf\u00e4ltig aufgebaute Verhalten beizubehalten.<\/p>\n\n\n\n<h3 class=\"wp-block-heading\">Wie geht es weiter?<\/h3>\n\n\n\n<p>Wenn du sehen m\u00f6chtest, wie sich dieser Ansatz im Laufe der Zeit entwickelt und eine bestimmte Trainingsherausforderung l\u00f6st, dann trage deinen Namen und deine E-Mail-Adresse in das unten stehende Formular ein.<\/p>\n\n\n\n<p>Ich habe eine Serie von 10 E-Mails geschrieben, in denen ich ein bestimmtes Trainingsbeispiel durchgehen werde, um diese Prinzipien mit Blondies Hilfe zu erkl\u00e4ren.<\/p>\n\n\n\n<p>W\u00e4hrend der 10 Tage werden wir jeden Schritt mit einem Trainingsvideo und dem theoretischen Hintergrund durchgehen. Du kannst mit deinem eigenen Pferd teilnehmen.<\/p>\n\n\n\n<p>Wenn du mir deine E-Mail-Adresse gibst, ist das ein Zeichen von Vertrauen.<\/p>\n\n\n\n<p>Ich wei\u00df dein Vertrauen sehr zu sch\u00e4tzen und verspreche dir im Gegenzug, dass ich deine E-Mail-Adresse zu nichts anderem verwenden werde, als dir eine Reihe sorgf\u00e4ltig geschriebener E-Mails zu schicken, die das Thema vertiefen, das du gerade auf der Website gelesen hast.<\/p>\n\n<\/div>\n\n<div class=\"gb-container gb-container-e9db037d\">\n\n<h2 class=\"wp-block-heading\">Hinweis<\/h2>\n\n\n\n<p>Die Anmeldung zur Email Serie ist geschlossen aber alle Emails sind hier verf\u00fcgbar:<br><a href=\"https:\/\/clickertrainingpferde.com\/de\/category\/overview\/\" data-type=\"category\" data-id=\"30\">Overview email series<\/a><\/p>\n\n<\/div>","protected":false},"excerpt":{"rendered":"<p>Quick recap on what we have covered so far. In question 1, we describe our target behavior. In question 2, we identify our starting point, and in question 3, we develop our training plan to build the behavior specified in step 1. We talked about shaping and fading on the previous page. SHAPING is teaching &#8230; <a title=\"Shaping und Fading\" class=\"read-more\" href=\"https:\/\/clickertrainingpferde.com\/de\/magical-relationships\/page-3\/\" aria-label=\"Mehr Informationen \u00fcber Shaping and fading\">Weiterlesen<\/a><\/p>","protected":false},"author":1,"featured_media":0,"parent":927,"menu_order":0,"comment_status":"closed","ping_status":"closed","template":"","meta":{"_surecart_dashboard_logo_width":"180px","_surecart_dashboard_show_logo":true,"_surecart_dashboard_navigation_orders":true,"_surecart_dashboard_navigation_invoices":true,"_surecart_dashboard_navigation_subscriptions":true,"_surecart_dashboard_navigation_downloads":true,"_surecart_dashboard_navigation_billing":true,"_surecart_dashboard_navigation_account":true,"_wp_convertkit_post_meta":{"form":"0","landing_page":"0","tag":"0","restrict_content":"0"},"footnotes":"","_links_to":"","_links_to_target":""},"class_list":["post-962","page","type-page","status-publish"],"_links":{"self":[{"href":"https:\/\/clickertrainingpferde.com\/de\/wp-json\/wp\/v2\/pages\/962","targetHints":{"allow":["GET"]}}],"collection":[{"href":"https:\/\/clickertrainingpferde.com\/de\/wp-json\/wp\/v2\/pages"}],"about":[{"href":"https:\/\/clickertrainingpferde.com\/de\/wp-json\/wp\/v2\/types\/page"}],"author":[{"embeddable":true,"href":"https:\/\/clickertrainingpferde.com\/de\/wp-json\/wp\/v2\/users\/1"}],"replies":[{"embeddable":true,"href":"https:\/\/clickertrainingpferde.com\/de\/wp-json\/wp\/v2\/comments?post=962"}],"version-history":[{"count":24,"href":"https:\/\/clickertrainingpferde.com\/de\/wp-json\/wp\/v2\/pages\/962\/revisions"}],"predecessor-version":[{"id":2739,"href":"https:\/\/clickertrainingpferde.com\/de\/wp-json\/wp\/v2\/pages\/962\/revisions\/2739"}],"up":[{"embeddable":true,"href":"https:\/\/clickertrainingpferde.com\/de\/wp-json\/wp\/v2\/pages\/927"}],"wp:attachment":[{"href":"https:\/\/clickertrainingpferde.com\/de\/wp-json\/wp\/v2\/media?parent=962"}],"curies":[{"name":"wp","href":"https:\/\/api.w.org\/{rel}","templated":true}]}}